{"id":46,"date":"2016-07-31T02:45:06","date_gmt":"2016-07-31T00:45:06","guid":{"rendered":"http:\/\/www.mousquefriches.fr\/?page_id=46"},"modified":"2023-03-04T16:54:31","modified_gmt":"2023-03-04T15:54:31","slug":"collectif-de-la-fratrie-des-glaneurs-solidaires-grenoblois","status":"publish","type":"page","link":"https:\/\/www.mousquefriches.fr\/index.php\/collectif-de-la-fratrie-des-glaneurs-solidaires-grenoblois\/","title":{"rendered":"Fratrie des glaneurs solidaires grenoblois"},"content":{"rendered":"<p>Le collectif de la fratrie des glaneurs solidaires grenoblois est le premier \u00e0 int\u00e9grer l&rsquo;association <strong>\u00ab\u00a0Mousquefriches\u00a0\u00bb<\/strong>. La fratrie des glaneurs solidaires grenoblois est notamment le pr\u00e9curseur de l&rsquo;association.<\/p>\n<p><em>La fratrie des glaneurs solidaires grenoblois :<br \/>\n<\/em><\/p>\n<p><em>Qui sommes nous ?<\/em><\/p>\n<p>Nous sommes un groupe de glaneurs\/<a href=\"https:\/\/fr.wikipedia.org\/wiki\/Freeganisme\">freegans<\/a> au c\u0153ur de Grenoble et de ses alentours qui existe depuis d\u00e9but 2015. Nous r\u00e9cup\u00e9rons les invendus p\u00e9rim\u00e9s (encore consommables)\u00a0dans les poubelles des sup\u00e9rettes, Scopes Bio et grandes surfaces diverses sur toute l&rsquo;agglom\u00e9ration grenobloise. Ceci afin de lutter contre le gaspillage alimentaire et de partager ce que nous trouvons entre nous et sympathisants du collectif. Notre initiative se veut \u00e0 la fois solidaire,\u00a0concr\u00e8te et utile au quotidien de tous.<\/p>\n<p>Nous ne sommes pas l&rsquo;une de ces pseudos associations institutionnelles d&rsquo;\u0153uvres caritatives mais un collectif autog\u00e9r\u00e9 et autonome loin des institutions politiques, religieuses et \u00e9tatiques. Nous ne demandons ni justificatifs de revenu ni quoi que ce soit d&rsquo;autre\u00a0aux personnes voulant glaner avec nous et b\u00e9n\u00e9ficier de nos r\u00e9coltes d&rsquo;invendus alimentaires, mais seulement le respect mutuel\u00a0entre toutes les personnes du collectif.<\/p>\n<p>Nous ne sommes pas non plus un de ces groupes restreints ou non mixte vivant en squat mais un collectif ouvert \u00e0 tout(e)s celles et ceux qui souhaitent s&rsquo;initier \u00e0 la r\u00e9cup&rsquo;\u00a0ou participer \u00e0 nos actions par id\u00e9ologie et\/ou par n\u00e9cessit\u00e9.<\/p>\n<p>Nous avons \u00e9galement pour vocation de nous entraider les uns les autres en cas de coups durs dans les moments difficiles du quotidien. Nous nous voulons fraternels que \u00e7a rel\u00e8ve du besoin mat\u00e9riel comme humain. Tout ceci dans la mesure du possible et de l&rsquo;envie de chacun. Si l&rsquo;un de nos membres a un probl\u00e8me, cela devient le probl\u00e8me de la fratrie<\/p>\n<div class=\"ob-h3 \"><strong><em>Qui sommes nous ?<\/em><\/strong><\/div>\n<p>Nous sommes un collectif de glaneurs\/freegans au c\u0153ur de Grenoble et de ses alentours qui existe depuis d\u00e9but mars 2015. Nous r\u00e9cup\u00e9rons les invendus p\u00e9rim\u00e9s (encore consommables pour l&rsquo;humain)\u00a0dans les poubelles des sup\u00e9rettes, boulangeries, scops bio et grandes surfaces diverses sur toute l&rsquo;agglom\u00e9ration grenobloise. Ceci afin de lutter contre le gaspillage alimentaire et de partager ce que nous trouvons entre nous et sympathisants du collectif. Notre initiative se veut \u00e0 la fois solidaire, \u00e9cologique, concr\u00e8te et utile au quotidien de chacun. Nous souhaitons aussi \u00eatre une alternative pour ceux dont les associations caritatives refusent l&rsquo;aide alimentaire, car trop riche pour en b\u00e9n\u00e9ficier mais trop pr\u00e9caire pour vivre d\u00e9cemment. Nous ne souhaitons plus alimenter le syst\u00e8me capitaliste qui nous opprime.<\/p>\n<p>Nous ne sommes pas l&rsquo;une de ces pseudos associations institutionnelles d&rsquo;\u0153uvres caritatives mais un collectif autog\u00e9r\u00e9 et autonome loin des institutions politiques, religieuses, syndicales et \u00e9tatiques. Nous ne demandons ni quotient familial ni justificatifs de revenu ou quoi que ce soit d&rsquo;autre\u00a0aux personnes voulant glaner avec nous et b\u00e9n\u00e9ficier de nos r\u00e9coltes d&rsquo;invendus alimentaires, mais seulement le respect mutuel\u00a0entre toutes les composantes du collectif.<\/p>\n<p>Nous ne sommes pas non plus un de ces groupuscules restreints d&rsquo;ultras en non mixit\u00e9 choisi ou vivant souvent en squat mais un collectif ouvert \u00e0 tous celles et ceux qui souhaitent s&rsquo;initier \u00e0 la r\u00e9cup\u00a0\u00bb ou participer \u00e0 nos actions par n\u00e9cessit\u00e9, id\u00e9ologie ou par solidarit\u00e9.<\/p>\n<p>Nous avons \u00e9galement pour vocation de nous entraider les uns les autres en cas de coups durs dans les moments difficiles du quotidien. Nous nous voulons fraternels\u00a0que \u00e7a rel\u00e8ve du besoin mat\u00e9riel comme humain. Tout ceci dans la mesure du possible et de l&rsquo;envie de chacun. Si l&rsquo;un de nos membres a un probl\u00e8me, cela\u00a0devient le probl\u00e8me de la fratrie. Nous sommes acteur de notre propre solidarit\u00e9. Nous avons un nouveau canal T\u00e9l\u00e9gram d\u00e9di\u00e9 \u00e0 l&rsquo;entraide, l&rsquo;\u00e9change de spots de r\u00e9cup&rsquo;s, espace de discussions, propositions de sorties diverses ou pour partager ses r\u00e9cup&rsquo;s personnelles avec les autres membres du collectif. Seules les membres actifs du collectif peuvent joindre ce canal.<\/p>\n<p><em>Plus d&rsquo;infos sur notre <a href=\"http:\/\/lafratriedesglaneurssolidaire.over-blog.com\/\">blog<\/a> et notre page <a href=\"https:\/\/www.facebook.com\/La-Fratrie-des-glaneurs-solidaires-grenoblois-882096691869512\/\">Facebook<\/a> officiel&#8230;<\/em><\/p>\n","protected":false},"excerpt":{"rendered":"<p>Le collectif de la fratrie des glaneurs solidaires grenoblois est le premier \u00e0 int\u00e9grer l&rsquo;association \u00ab\u00a0Mousquefriches\u00a0\u00bb. La fratrie des glaneurs solidaires grenoblois est notamment le pr\u00e9curseur de l&rsquo;association. La fratrie des glaneurs solidaires grenoblois : Qui sommes nous ? Nous sommes un groupe de glaneurs\/freegans au c\u0153ur de Grenoble et de ses alentours qui existe&#8230; <\/p>\n<div class=\"link-more\"><a href=\"https:\/\/www.mousquefriches.fr\/index.php\/collectif-de-la-fratrie-des-glaneurs-solidaires-grenoblois\/\">En savoir plus<\/a><\/div>\n","protected":false},"author":1,"featured_media":0,"parent":0,"menu_order":0,"comment_status":"closed","ping_status":"closed","template":"","meta":[],"_links":{"self":[{"href":"https:\/\/www.mousquefriches.fr\/index.php\/wp-json\/wp\/v2\/pages\/46"}],"collection":[{"href":"https:\/\/www.mousquefriches.fr\/index.php\/wp-json\/wp\/v2\/pages"}],"about":[{"href":"https:\/\/www.mousquefriches.fr\/index.php\/wp-json\/wp\/v2\/types\/page"}],"author":[{"embeddable":true,"href":"https:\/\/www.mousquefriches.fr\/index.php\/wp-json\/wp\/v2\/users\/1"}],"replies":[{"embeddable":true,"href":"https:\/\/www.mousquefriches.fr\/index.php\/wp-json\/wp\/v2\/comments?post=46"}],"version-history":[{"count":18,"href":"https:\/\/www.mousquefriches.fr\/index.php\/wp-json\/wp\/v2\/pages\/46\/revisions"}],"predecessor-version":[{"id":225,"href":"https:\/\/www.mousquefriches.fr\/index.php\/wp-json\/wp\/v2\/pages\/46\/revisions\/225"}],"wp:attachment":[{"href":"https:\/\/www.mousquefriches.fr\/index.php\/wp-json\/wp\/v2\/media?parent=46"}],"curies":[{"name":"wp","href":"https:\/\/api.w.org\/{rel}","templated":true}]}}